{"id":8303,"date":"2023-08-13T22:51:46","date_gmt":"2023-08-13T20:51:46","guid":{"rendered":"https:\/\/pappcseperke.hu\/?page_id=8303"},"modified":"2025-10-28T03:58:09","modified_gmt":"2025-10-28T02:58:09","slug":"services","status":"publish","type":"page","link":"https:\/\/pappcseperke.hu\/hu\/services\/","title":{"rendered":"Szolg\u00e1ltat\u00e1sok"},"content":{"rendered":"<div data-elementor-type=\"wp-page\" data-elementor-id=\"8303\" class=\"elementor elementor-8303\" data-elementor-post-type=\"page\">\n\t\t\t\t<div class=\"elementor-element elementor-element-148ba34 e-flex e-con-boxed e-con e-parent\" data-id=\"148ba34\" data-element_type=\"container\" data-e-type=\"container\" data-settings=\"{&quot;jet_parallax_layout_list&quot;:[]}\">\n\t\t\t\t\t<div class=\"e-con-inner\">\n\t\t<div class=\"elementor-element elementor-element-bb2b950 e-con-full e-flex e-con e-child\" data-id=\"bb2b950\" data-element_type=\"container\" data-e-type=\"container\" data-settings=\"{&quot;jet_parallax_layout_list&quot;:[]}\">\n\t\t\t\t<div class=\"elementor-element elementor-element-6dce01f elementor-position-top elementor-widget elementor-widget-image-box\" data-id=\"6dce01f\" data-element_type=\"widget\" data-e-type=\"widget\" data-widget_type=\"image-box.default\">\n\t\t\t\t<div class=\"elementor-widget-container\">\n\t\t\t\t\t<div class=\"elementor-image-box-wrapper\"><figure class=\"elementor-image-box-img\"><img fetchpriority=\"high\" decoding=\"async\" width=\"960\" height=\"540\" src=\"https:\/\/pappcseperke.hu\/wp-content\/uploads\/2023\/08\/logo_tentacleworks.jpg\" class=\"attachment-full size-full wp-image-7301\" alt=\"\" srcset=\"https:\/\/pappcseperke.hu\/wp-content\/uploads\/2023\/08\/logo_tentacleworks.jpg 960w, https:\/\/pappcseperke.hu\/wp-content\/uploads\/2023\/08\/logo_tentacleworks-300x169.jpg 300w, https:\/\/pappcseperke.hu\/wp-content\/uploads\/2023\/08\/logo_tentacleworks-768x432.jpg 768w, https:\/\/pappcseperke.hu\/wp-content\/uploads\/2023\/08\/logo_tentacleworks-18x10.jpg 18w\" sizes=\"(max-width: 960px) 100vw, 960px\" \/><\/figure><div class=\"elementor-image-box-content\"><h3 class=\"elementor-image-box-title\">Log\u00f3 \u00e9s arculattervez\u00e9s<\/h3><p class=\"elementor-image-box-description\">M\u00e1rk\u00e1d, v\u00e1llalkoz\u00e1sod log\u00f3j\u00e1nak \u00e9s vizu\u00e1lis arculat\u00e1nak kialak\u00edt\u00e1sa.<\/p><\/div><\/div>\t\t\t\t<\/div>\n\t\t\t\t<\/div>\n\t\t\t\t<\/div>\n\t\t<div class=\"elementor-element elementor-element-ba3b5e1 e-con-full e-flex e-con e-child\" data-id=\"ba3b5e1\" data-element_type=\"container\" data-e-type=\"container\" data-settings=\"{&quot;jet_parallax_layout_list&quot;:[]}\">\n\t\t\t\t<div class=\"elementor-element elementor-element-b35fc15 elementor-position-top elementor-widget elementor-widget-image-box\" data-id=\"b35fc15\" data-element_type=\"widget\" data-e-type=\"widget\" data-widget_type=\"image-box.default\">\n\t\t\t\t<div class=\"elementor-widget-container\">\n\t\t\t\t\t<div class=\"elementor-image-box-wrapper\"><figure class=\"elementor-image-box-img\"><img decoding=\"async\" width=\"842\" height=\"595\" src=\"https:\/\/pappcseperke.hu\/wp-content\/uploads\/2023\/08\/fontolo_styleguide_durer_style_en_202308.jpg\" class=\"attachment-full size-full wp-image-7895\" alt=\"\" srcset=\"https:\/\/pappcseperke.hu\/wp-content\/uploads\/2023\/08\/fontolo_styleguide_durer_style_en_202308.jpg 842w, https:\/\/pappcseperke.hu\/wp-content\/uploads\/2023\/08\/fontolo_styleguide_durer_style_en_202308-300x212.jpg 300w, https:\/\/pappcseperke.hu\/wp-content\/uploads\/2023\/08\/fontolo_styleguide_durer_style_en_202308-768x543.jpg 768w, https:\/\/pappcseperke.hu\/wp-content\/uploads\/2023\/08\/fontolo_styleguide_durer_style_en_202308-18x12.jpg 18w\" sizes=\"(max-width: 842px) 100vw, 842px\" \/><\/figure><div class=\"elementor-image-box-content\"><h3 class=\"elementor-image-box-title\">Kiadv\u00e1nyszerkeszt\u00e9s<\/h3><p class=\"elementor-image-box-description\">Transforming ideas into visual experiences: Documents, Presentations, Manuals<\/p><\/div><\/div>\t\t\t\t<\/div>\n\t\t\t\t<\/div>\n\t\t\t\t<\/div>\n\t\t<div class=\"elementor-element elementor-element-bca3a75 e-con-full e-flex e-con e-child\" data-id=\"bca3a75\" data-element_type=\"container\" data-e-type=\"container\" data-settings=\"{&quot;jet_parallax_layout_list&quot;:[]}\">\n\t\t\t\t<div class=\"elementor-element elementor-element-6da084d elementor-position-top elementor-widget elementor-widget-image-box\" data-id=\"6da084d\" data-element_type=\"widget\" data-e-type=\"widget\" data-widget_type=\"image-box.default\">\n\t\t\t\t<div class=\"elementor-widget-container\">\n\t\t\t\t\t<div class=\"elementor-image-box-wrapper\"><figure class=\"elementor-image-box-img\"><img decoding=\"async\" width=\"960\" height=\"540\" src=\"https:\/\/pappcseperke.hu\/wp-content\/uploads\/2023\/08\/webdesignmockup_ndizajn-1.jpg\" class=\"attachment-full size-full wp-image-7848\" alt=\"\" srcset=\"https:\/\/pappcseperke.hu\/wp-content\/uploads\/2023\/08\/webdesignmockup_ndizajn-1.jpg 960w, https:\/\/pappcseperke.hu\/wp-content\/uploads\/2023\/08\/webdesignmockup_ndizajn-1-300x169.jpg 300w, https:\/\/pappcseperke.hu\/wp-content\/uploads\/2023\/08\/webdesignmockup_ndizajn-1-768x432.jpg 768w, https:\/\/pappcseperke.hu\/wp-content\/uploads\/2023\/08\/webdesignmockup_ndizajn-1-18x10.jpg 18w\" sizes=\"(max-width: 960px) 100vw, 960px\" \/><\/figure><div class=\"elementor-image-box-content\"><h3 class=\"elementor-image-box-title\">Weboldal tervez\u00e9s<\/h3><p class=\"elementor-image-box-description\">Creating user-centric websites and landing pages: with my knowledge of HTML and CSS and Elementor, I make highly customized WordPress sites.<\/p><\/div><\/div>\t\t\t\t<\/div>\n\t\t\t\t<\/div>\n\t\t\t\t<\/div>\n\t\t<div class=\"elementor-element elementor-element-e0d7f31 e-con-full e-flex e-con e-child\" data-id=\"e0d7f31\" data-element_type=\"container\" data-e-type=\"container\" data-settings=\"{&quot;jet_parallax_layout_list&quot;:[]}\">\n\t\t\t\t<div class=\"elementor-element elementor-element-330900c elementor-position-top elementor-widget elementor-widget-image-box\" data-id=\"330900c\" data-element_type=\"widget\" data-e-type=\"widget\" data-widget_type=\"image-box.default\">\n\t\t\t\t<div class=\"elementor-widget-container\">\n\t\t\t\t\t<div class=\"elementor-image-box-wrapper\"><figure class=\"elementor-image-box-img\"><img loading=\"lazy\" decoding=\"async\" width=\"800\" height=\"450\" src=\"https:\/\/pappcseperke.hu\/wp-content\/uploads\/2021\/02\/cthulhunoir_800x450.jpg\" class=\"attachment-full size-full wp-image-8661\" alt=\"\" srcset=\"https:\/\/pappcseperke.hu\/wp-content\/uploads\/2021\/02\/cthulhunoir_800x450.jpg 800w, https:\/\/pappcseperke.hu\/wp-content\/uploads\/2021\/02\/cthulhunoir_800x450-300x169.jpg 300w, https:\/\/pappcseperke.hu\/wp-content\/uploads\/2021\/02\/cthulhunoir_800x450-768x432.jpg 768w, https:\/\/pappcseperke.hu\/wp-content\/uploads\/2021\/02\/cthulhunoir_800x450-18x10.jpg 18w\" sizes=\"(max-width: 800px) 100vw, 800px\" \/><\/figure><div class=\"elementor-image-box-content\"><h3 class=\"elementor-image-box-title\">UI diz\u00e1jn<\/h3><p class=\"elementor-image-box-description\">Designing user interfaces for games and web apps, digital design systems.<\/p><\/div><\/div>\t\t\t\t<\/div>\n\t\t\t\t<\/div>\n\t\t\t\t<\/div>\n\t\t\t\t\t<\/div>\n\t\t\t\t<\/div>\n\t\t<div class=\"elementor-element elementor-element-8185911 e-flex e-con-boxed e-con e-parent\" data-id=\"8185911\" data-element_type=\"container\" data-e-type=\"container\" data-settings=\"{&quot;jet_parallax_layout_list&quot;:[]}\">\n\t\t\t\t\t<div class=\"e-con-inner\">\n\t\t\t\t<div class=\"elementor-element elementor-element-90b5ef9 elementor-widget elementor-widget-heading\" data-id=\"90b5ef9\" data-element_type=\"widget\" data-e-type=\"widget\" data-widget_type=\"heading.default\">\n\t\t\t\t<div class=\"elementor-widget-container\">\n\t\t\t\t\t<h2 class=\"elementor-heading-title elementor-size-default\">Tov\u00e1bbi szolg\u00e1ltat\u00e1saim<\/h2>\t\t\t\t<\/div>\n\t\t\t\t<\/div>\n\t\t\t\t\t<\/div>\n\t\t\t\t<\/div>\n\t\t<div class=\"elementor-element elementor-element-b52ea40 e-flex e-con-boxed e-con e-parent\" data-id=\"b52ea40\" data-element_type=\"container\" data-e-type=\"container\" data-settings=\"{&quot;jet_parallax_layout_list&quot;:[]}\">\n\t\t\t\t\t<div class=\"e-con-inner\">\n\t\t<div class=\"elementor-element elementor-element-5c01c6b e-con-full e-flex e-con e-child\" data-id=\"5c01c6b\" data-element_type=\"container\" data-e-type=\"container\" data-settings=\"{&quot;jet_parallax_layout_list&quot;:[]}\">\n\t\t\t\t<div class=\"elementor-element elementor-element-b65cea0 elementor-widget elementor-widget-image-box\" data-id=\"b65cea0\" data-element_type=\"widget\" data-e-type=\"widget\" data-widget_type=\"image-box.default\">\n\t\t\t\t<div class=\"elementor-widget-container\">\n\t\t\t\t\t<div class=\"elementor-image-box-wrapper\"><div class=\"elementor-image-box-content\"><h3 class=\"elementor-image-box-title\">F\u0151c\u00edm tervez\u00e9s, anim\u00e1lt grafik\u00e1k<\/h3><p class=\"elementor-image-box-description\">K\u00fcl\u00f6nb\u00f6z\u0151 platformokon dolgozom, legyen az After Effects, Flash vagy CSS anim\u00e1ci\u00f3: Eleg\u00e1ns, minimalista anim\u00e1ci\u00f3kat k\u00e9sz\u00edtek, j\u00e1t\u00e9kos tipogr\u00e1fi\u00e1val.<\/p><\/div><\/div>\t\t\t\t<\/div>\n\t\t\t\t<\/div>\n\t\t\t\t<div class=\"elementor-element elementor-element-9917b51 elementor-widget elementor-widget-image\" data-id=\"9917b51\" data-element_type=\"widget\" data-e-type=\"widget\" data-widget_type=\"image.default\">\n\t\t\t\t<div class=\"elementor-widget-container\">\n\t\t\t\t\t\t\t\t\t\t\t\t\t\t\t<img loading=\"lazy\" decoding=\"async\" width=\"400\" height=\"150\" src=\"https:\/\/pappcseperke.hu\/wp-content\/uploads\/2021\/01\/Cseperke20.png\" class=\"attachment-large size-large wp-image-6824\" alt=\"\" srcset=\"https:\/\/pappcseperke.hu\/wp-content\/uploads\/2021\/01\/Cseperke20.png 400w, https:\/\/pappcseperke.hu\/wp-content\/uploads\/2021\/01\/Cseperke20-300x113.png 300w, https:\/\/pappcseperke.hu\/wp-content\/uploads\/2021\/01\/Cseperke20-18x7.png 18w\" sizes=\"(max-width: 400px) 100vw, 400px\" \/>\t\t\t\t\t\t\t\t\t\t\t\t\t\t\t<\/div>\n\t\t\t\t<\/div>\n\t\t\t\t<\/div>\n\t\t<div class=\"elementor-element elementor-element-d2db673 e-con-full e-flex e-con e-child\" data-id=\"d2db673\" data-element_type=\"container\" data-e-type=\"container\" data-settings=\"{&quot;jet_parallax_layout_list&quot;:[]}\">\n\t\t\t\t<div class=\"elementor-element elementor-element-5a07287 elementor-widget elementor-widget-image-box\" data-id=\"5a07287\" data-element_type=\"widget\" data-e-type=\"widget\" data-widget_type=\"image-box.default\">\n\t\t\t\t<div class=\"elementor-widget-container\">\n\t\t\t\t\t<div class=\"elementor-image-box-wrapper\"><div class=\"elementor-image-box-content\"><h3 class=\"elementor-image-box-title\">Tervez\u0151grafikai rendszer kidolgoz\u00e1sa<\/h3><p class=\"elementor-image-box-description\">Developing cohesive design systems to elevate your brand's visual consistency.<\/p><\/div><\/div>\t\t\t\t<\/div>\n\t\t\t\t<\/div>\n\t\t\t\t<div class=\"elementor-element elementor-element-098f444 elementor-widget elementor-widget-image\" data-id=\"098f444\" data-element_type=\"widget\" data-e-type=\"widget\" data-widget_type=\"image.default\">\n\t\t\t\t<div class=\"elementor-widget-container\">\n\t\t\t\t\t\t\t\t\t\t\t\t\t\t\t<img loading=\"lazy\" decoding=\"async\" width=\"800\" height=\"283\" src=\"https:\/\/pappcseperke.hu\/wp-content\/uploads\/2023\/08\/fontolo_styleguide_durer_style_en_2023089-1024x362.jpg\" class=\"attachment-large size-large wp-image-7903\" alt=\"\" srcset=\"https:\/\/pappcseperke.hu\/wp-content\/uploads\/2023\/08\/fontolo_styleguide_durer_style_en_2023089-1024x362.jpg 1024w, https:\/\/pappcseperke.hu\/wp-content\/uploads\/2023\/08\/fontolo_styleguide_durer_style_en_2023089-300x106.jpg 300w, https:\/\/pappcseperke.hu\/wp-content\/uploads\/2023\/08\/fontolo_styleguide_durer_style_en_2023089-768x271.jpg 768w, https:\/\/pappcseperke.hu\/wp-content\/uploads\/2023\/08\/fontolo_styleguide_durer_style_en_2023089-1536x543.jpg 1536w, https:\/\/pappcseperke.hu\/wp-content\/uploads\/2023\/08\/fontolo_styleguide_durer_style_en_2023089-18x6.jpg 18w, https:\/\/pappcseperke.hu\/wp-content\/uploads\/2023\/08\/fontolo_styleguide_durer_style_en_2023089.jpg 1684w\" sizes=\"(max-width: 800px) 100vw, 800px\" \/>\t\t\t\t\t\t\t\t\t\t\t\t\t\t\t<\/div>\n\t\t\t\t<\/div>\n\t\t\t\t<div class=\"elementor-element elementor-element-1c7e602 elementor-widget elementor-widget-image\" data-id=\"1c7e602\" data-element_type=\"widget\" data-e-type=\"widget\" data-widget_type=\"image.default\">\n\t\t\t\t<div class=\"elementor-widget-container\">\n\t\t\t\t\t\t\t\t\t\t\t\t\t\t\t<img loading=\"lazy\" decoding=\"async\" width=\"800\" height=\"283\" src=\"https:\/\/pappcseperke.hu\/wp-content\/uploads\/2023\/08\/fontolo_styleguide_durer_style_en_2023084-1024x362.jpg\" class=\"attachment-large size-large wp-image-7898\" alt=\"\" srcset=\"https:\/\/pappcseperke.hu\/wp-content\/uploads\/2023\/08\/fontolo_styleguide_durer_style_en_2023084-1024x362.jpg 1024w, https:\/\/pappcseperke.hu\/wp-content\/uploads\/2023\/08\/fontolo_styleguide_durer_style_en_2023084-300x106.jpg 300w, https:\/\/pappcseperke.hu\/wp-content\/uploads\/2023\/08\/fontolo_styleguide_durer_style_en_2023084-768x271.jpg 768w, https:\/\/pappcseperke.hu\/wp-content\/uploads\/2023\/08\/fontolo_styleguide_durer_style_en_2023084-1536x543.jpg 1536w, https:\/\/pappcseperke.hu\/wp-content\/uploads\/2023\/08\/fontolo_styleguide_durer_style_en_2023084-18x6.jpg 18w, https:\/\/pappcseperke.hu\/wp-content\/uploads\/2023\/08\/fontolo_styleguide_durer_style_en_2023084.jpg 1684w\" sizes=\"(max-width: 800px) 100vw, 800px\" \/>\t\t\t\t\t\t\t\t\t\t\t\t\t\t\t<\/div>\n\t\t\t\t<\/div>\n\t\t\t\t<\/div>\n\t\t<div class=\"elementor-element elementor-element-95c758a e-con-full e-flex e-con e-child\" data-id=\"95c758a\" data-element_type=\"container\" data-e-type=\"container\" data-settings=\"{&quot;jet_parallax_layout_list&quot;:[]}\">\n\t\t\t\t<div class=\"elementor-element elementor-element-6ecb206 elementor-widget elementor-widget-image-box\" data-id=\"6ecb206\" data-element_type=\"widget\" data-e-type=\"widget\" data-widget_type=\"image-box.default\">\n\t\t\t\t<div class=\"elementor-widget-container\">\n\t\t\t\t\t<div class=\"elementor-image-box-wrapper\"><div class=\"elementor-image-box-content\"><h3 class=\"elementor-image-box-title\">Illusztr\u00e1ci\u00f3k, dekorat\u00edv elemek k\u00e9sz\u00edt\u00e9se<\/h3><p class=\"elementor-image-box-description\">Adobe Illustratorral, Photoshop-pal \u00e9s mesters\u00e9ges intelligenci\u00e1val m\u0171v\u00e9szi koll\u00e1zsokat \u00e9s mint\u00e1kat k\u00e9sz\u00edtek, dokumentumaid, cikkeid \u00e9s marketingk\u00e9peid illusztr\u00e1l\u00e1s\u00e1hoz.<\/p><\/div><\/div>\t\t\t\t<\/div>\n\t\t\t\t<\/div>\n\t\t\t\t<div class=\"elementor-element elementor-element-1021b8f elementor-widget elementor-widget-image\" data-id=\"1021b8f\" data-element_type=\"widget\" data-e-type=\"widget\" data-widget_type=\"image.default\">\n\t\t\t\t<div class=\"elementor-widget-container\">\n\t\t\t\t\t\t\t\t\t\t\t\t\t\t\t<img loading=\"lazy\" decoding=\"async\" width=\"800\" height=\"600\" src=\"https:\/\/pappcseperke.hu\/wp-content\/uploads\/2021\/03\/medievalpatternthumbnails20230814_new.jpg\" class=\"attachment-large size-large wp-image-8370\" alt=\"\" srcset=\"https:\/\/pappcseperke.hu\/wp-content\/uploads\/2021\/03\/medievalpatternthumbnails20230814_new.jpg 800w, https:\/\/pappcseperke.hu\/wp-content\/uploads\/2021\/03\/medievalpatternthumbnails20230814_new-300x225.jpg 300w, https:\/\/pappcseperke.hu\/wp-content\/uploads\/2021\/03\/medievalpatternthumbnails20230814_new-768x576.jpg 768w, https:\/\/pappcseperke.hu\/wp-content\/uploads\/2021\/03\/medievalpatternthumbnails20230814_new-16x12.jpg 16w\" sizes=\"(max-width: 800px) 100vw, 800px\" \/>\t\t\t\t\t\t\t\t\t\t\t\t\t\t\t<\/div>\n\t\t\t\t<\/div>\n\t\t\t\t<\/div>\n\t\t\t\t\t<\/div>\n\t\t\t\t<\/div>\n\t\t\t\t<section class=\"elementor-section elementor-top-section elementor-element elementor-element-95445fb elementor-section-boxed elementor-section-height-default elementor-section-height-default\" data-id=\"95445fb\" data-element_type=\"section\" data-e-type=\"section\" data-settings=\"{&quot;jet_parallax_layout_list&quot;:[]}\">\n\t\t\t\t\t\t<div class=\"elementor-container elementor-column-gap-default\">\n\t\t\t\t\t<div class=\"elementor-column elementor-col-100 elementor-top-column elementor-element elementor-element-8cc4561\" data-id=\"8cc4561\" data-element_type=\"column\" data-e-type=\"column\">\n\t\t\t<div class=\"elementor-widget-wrap elementor-element-populated\">\n\t\t\t\t\t\t<div class=\"elementor-element elementor-element-5575955 elementor-widget elementor-widget-heading\" data-id=\"5575955\" data-element_type=\"widget\" data-e-type=\"widget\" data-widget_type=\"heading.default\">\n\t\t\t\t<div class=\"elementor-widget-container\">\n\t\t\t\t\t<h2 class=\"elementor-heading-title elementor-size-default\">Tervez\u0151grafikai rendszer kidolgoz\u00e1sa<\/h2>\t\t\t\t<\/div>\n\t\t\t\t<\/div>\n\t\t\t\t<div class=\"elementor-element elementor-element-a39fefe elementor-widget elementor-widget-heading\" data-id=\"a39fefe\" data-element_type=\"widget\" data-e-type=\"widget\" data-widget_type=\"heading.default\">\n\t\t\t\t<div class=\"elementor-widget-container\">\n\t\t\t\t\t<h2 class=\"elementor-heading-title elementor-size-default\">Az arculat megjelen\u00edt\u00e9se t\u00f6bb platformon<\/h2>\t\t\t\t<\/div>\n\t\t\t\t<\/div>\n\t\t\t\t<div class=\"elementor-element elementor-element-c7a773f elementor-widget elementor-widget-text-editor\" data-id=\"c7a773f\" data-element_type=\"widget\" data-e-type=\"widget\" data-widget_type=\"text-editor.default\">\n\t\t\t\t<div class=\"elementor-widget-container\">\n\t\t\t\t\t\t\t\t\t<p><strong>\u00a0<\/strong><\/p><p>As a solo graphic designer, I offer comprehensive Design System Development, ensuring your brand&#8217;s visual identity remains cohesive and impactful across various mediums.<\/p><p><strong>Mi\u00e9rt fontos ez:<\/strong><\/p><p>Hi\u00e1ba k\u00e9sz\u00edt\u00fcnk el egy arculatot, annak egys\u00e9gess\u00e9ge, konzisztenci\u00e1ja mutatja be, hogy megb\u00edzhat\u00f3, profi tartalom van a h\u00e1tter\u00e9ben. Ehhez a konzisztenci\u00e1hoz megalapozott rendszerre van sz\u00fcks\u00e9g. Nem csak egy log\u00f3r\u00f3l van sz\u00f3; egy egys\u00e9ges vizu\u00e1lis nyelv kialak\u00edt\u00e1s\u00e1r\u00f3l, ami minden platformon egyform\u00e1n sz\u00f3l\u00edtja meg a k\u00f6z\u00f6ns\u00e9get.<\/p><p><strong>Amit k\u00edn\u00e1lok:<\/strong><\/p><ul><li><p><strong>Mintat\u00e1rak l\u00e9trehoz\u00e1sa:\u00a0<\/strong> a list of basic design elements and their possible combinations.<\/p><\/li><li><p><strong>Arculati k\u00e9zik\u00f6nyv:<\/strong> I create style guides to provide clear guidelines on typography, color schemes, imagery, and more, ensuring that your brand&#8217;s visual elements are used consistently.<\/p><\/li><li><p><strong>Sablonok:<\/strong> Az Adobe Illustrator, Photoshop \u00e9s InDesign-t\u00f3l a WordPressen kereszt\u00fcl, sz\u00f6vegszerkeszt\u0151k\u00f6n \u00e1t a bemutat\u00f3, el\u0151ad\u00f3 eszk\u00f6z\u00f6kig tervezek sablonokat, amelyek lehet\u0151v\u00e9 teszik sz\u00e1modra, hogy k\u00f6nnyed\u00e9n alkalmazd a kialak\u00edtott arculati javaslatokat a k\u00fcl\u00f6nb\u00f6z\u0151 platformokon.<\/p><\/li><\/ul><p>A sablonok kialak\u00edt\u00e1s\u00e1val seg\u00edtek abban, hogy az ar\u00e1nyok, t\u00e1vols\u00e1gok, \u00e9s az utols\u00f3 r\u00e9szletekig kialak\u00edtott arculatterv egys\u00e9ges vizu\u00e1lis nyelve minden platformon k\u00e9nyelmesen, egyszer\u0171en \u00e9s hat\u00e1sosan m\u0171k\u00f6dj\u00f6n.<\/p><p><strong>V\u00e1gjunjk bele!<\/strong><\/p><p>Ne habozz, keress fel: \u00e9rdekl\u0151dj \u00e1raimr\u00f3l, besz\u00e9lgess\u00fcnk \u00e9s r\u00e1gjuk \u00e1t, hogy milyen m\u00f3don seg\u00edthetek  arculatod egys\u00e9ges megjelen\u00edt\u00e9s\u00e9ben.<\/p>\t\t\t\t\t\t\t\t<\/div>\n\t\t\t\t<\/div>\n\t\t\t\t<div class=\"elementor-element elementor-element-a812cf9 elementor-widget elementor-widget-heading\" data-id=\"a812cf9\" data-element_type=\"widget\" data-e-type=\"widget\" data-widget_type=\"heading.default\">\n\t\t\t\t<div class=\"elementor-widget-container\">\n\t\t\t\t\t<h2 class=\"elementor-heading-title elementor-size-default\">K\u00e9pzetts\u00e9gek, er\u0151forr\u00e1sok<\/h2>\t\t\t\t<\/div>\n\t\t\t\t<\/div>\n\t\t\t\t<div class=\"elementor-element elementor-element-b534413 elementor-widget elementor-widget-text-editor\" data-id=\"b534413\" data-element_type=\"widget\" data-e-type=\"widget\" data-widget_type=\"text-editor.default\">\n\t\t\t\t<div class=\"elementor-widget-container\">\n\t\t\t\t\t\t\t\t\t<ul><li>Tervez\u0151grafika, UI \u00e9s Weboldal tervez\u00e9s<\/li><li>E-Learning anyagok fejleszt\u00e9se<\/li><li>Inform\u00e1ci\u00f3s szerkezetek<\/li><li>Tipogr\u00e1fia<\/li><li>Image editing (Photoshop)<\/li><li>Logo, pattern and icon design (Illustrator)<\/li><li>Layout design, desktop publishing (Indesign)<\/li><li>CSS\/HTML<\/li><li>WordPress, Elementor<\/li><li>Egyszer\u0171 anim\u00e1ci\u00f3k (After Effects)<\/li><li>Vector Motion design (Rive)<\/li><li>Egyszer\u0171 CSS anim\u00e1ci\u00f3k a webre<\/li><li>forr\u00e1sok az Envato-r\u00f3l<\/li><li>MI k\u00e9pek gener\u00e1l\u00e1sa A Midjourney-n kereszt\u00fcl<\/li><\/ul>\t\t\t\t\t\t\t\t<\/div>\n\t\t\t\t<\/div>\n\t\t\t\t\t<\/div>\n\t\t<\/div>\n\t\t\t\t\t<\/div>\n\t\t<\/section>\n\t\t\t\t<\/div>","protected":false},"excerpt":{"rendered":"<p>Logo and Identity Crafting distinctive visual identities that leave a lasting impression. Graphic Design Transforming ideas into visual experiences: Documents, Presentations, Manuals Webdesign Creating user-centric websites and landing pages: with my knowledge of HTML and CSS and Elementor, I make highly customized WordPress sites. UI Design Designing user interfaces for games and web apps, digital [&hellip;]<\/p>\n","protected":false},"author":2,"featured_media":0,"parent":0,"menu_order":0,"comment_status":"closed","ping_status":"closed","template":"elementor_theme","meta":{"footnotes":""},"class_list":["post-8303","page","type-page","status-publish","hentry"],"_links":{"self":[{"href":"https:\/\/pappcseperke.hu\/hu\/wp-json\/wp\/v2\/pages\/8303","targetHints":{"allow":["GET"]}}],"collection":[{"href":"https:\/\/pappcseperke.hu\/hu\/wp-json\/wp\/v2\/pages"}],"about":[{"href":"https:\/\/pappcseperke.hu\/hu\/wp-json\/wp\/v2\/types\/page"}],"author":[{"embeddable":true,"href":"https:\/\/pappcseperke.hu\/hu\/wp-json\/wp\/v2\/users\/2"}],"replies":[{"embeddable":true,"href":"https:\/\/pappcseperke.hu\/hu\/wp-json\/wp\/v2\/comments?post=8303"}],"version-history":[{"count":208,"href":"https:\/\/pappcseperke.hu\/hu\/wp-json\/wp\/v2\/pages\/8303\/revisions"}],"predecessor-version":[{"id":14252,"href":"https:\/\/pappcseperke.hu\/hu\/wp-json\/wp\/v2\/pages\/8303\/revisions\/14252"}],"wp:attachment":[{"href":"https:\/\/pappcseperke.hu\/hu\/wp-json\/wp\/v2\/media?parent=8303"}],"curies":[{"name":"wp","href":"https:\/\/api.w.org\/{rel}","templated":true}]}}