{"id":13643,"date":"2025-10-18T20:33:49","date_gmt":"2025-10-18T18:33:49","guid":{"rendered":"https:\/\/pappcseperke.hu\/?page_id=13643"},"modified":"2025-10-27T18:20:14","modified_gmt":"2025-10-27T17:20:14","slug":"branding-portfolio","status":"publish","type":"page","link":"https:\/\/pappcseperke.hu\/hu\/branding-portfolio\/","title":{"rendered":"BRAND GUIDE Portfolio"},"content":{"rendered":"<div data-elementor-type=\"wp-page\" data-elementor-id=\"13643\" class=\"elementor elementor-13643\" data-elementor-post-type=\"page\">\n\t\t\t\t<div class=\"elementor-element elementor-element-8abea51 e-flex e-con-boxed e-con e-parent\" data-id=\"8abea51\" data-element_type=\"container\" data-e-type=\"container\" data-settings=\"{&quot;jet_parallax_layout_list&quot;:[]}\">\n\t\t\t\t\t<div class=\"e-con-inner\">\n\t\t\t\t\t<\/div>\n\t\t\t\t<\/div>\n\t\t<div class=\"elementor-element elementor-element-dc74bb2 e-grid e-con-boxed e-con e-parent\" data-id=\"dc74bb2\" data-element_type=\"container\" data-e-type=\"container\" data-settings=\"{&quot;jet_parallax_layout_list&quot;:[]}\">\n\t\t\t\t\t<div class=\"e-con-inner\">\n\t\t<div class=\"elementor-element elementor-element-5b3a328 e-con-full hover-logocontainer e-flex e-con e-child\" data-id=\"5b3a328\" data-element_type=\"container\" data-e-type=\"container\" data-settings=\"{&quot;jet_parallax_layout_list&quot;:[]}\">\n\t\t\t\t<div class=\"elementor-element elementor-element-3167d75 hover-logoimage elementor-widget elementor-widget-image\" data-id=\"3167d75\" data-element_type=\"widget\" data-e-type=\"widget\" data-widget_type=\"image.default\">\n\t\t\t\t<div class=\"elementor-widget-container\">\n\t\t\t\t\t\t\t\t\t\t\t\t\t\t\t\t<a href=\"https:\/\/pappcseperke.hu\/hu\/graphit-rebranding\/\" target=\"_blank\">\n\t\t\t\t\t\t\t<img fetchpriority=\"high\" decoding=\"async\" width=\"800\" height=\"450\" src=\"https:\/\/pappcseperke.hu\/wp-content\/uploads\/2025\/10\/logo_graphit.jpg\" class=\"attachment-large size-large wp-image-13620\" alt=\"\" srcset=\"https:\/\/pappcseperke.hu\/wp-content\/uploads\/2025\/10\/logo_graphit.jpg 960w, https:\/\/pappcseperke.hu\/wp-content\/uploads\/2025\/10\/logo_graphit-300x169.jpg 300w, https:\/\/pappcseperke.hu\/wp-content\/uploads\/2025\/10\/logo_graphit-768x432.jpg 768w, https:\/\/pappcseperke.hu\/wp-content\/uploads\/2025\/10\/logo_graphit-18x10.jpg 18w\" sizes=\"(max-width: 800px) 100vw, 800px\" \/>\t\t\t\t\t\t\t\t<\/a>\n\t\t\t\t\t\t\t\t\t\t\t\t\t\t\t<\/div>\n\t\t\t\t<\/div>\n\t\t\t\t<div class=\"elementor-element elementor-element-93af599 hover-logotextbox elementor-widget elementor-widget-text-editor\" data-id=\"93af599\" data-element_type=\"widget\" data-e-type=\"widget\" data-widget_type=\"text-editor.default\">\n\t\t\t\t<div class=\"elementor-widget-container\">\n\t\t\t\t\t\t\t\t\t<p><em>Egy CAD\/CAM\/PLM megold\u00e1ssz\u00e1ll\u00edt\u00f3 m\u00e1rkaarculat\u00e1nak meg\u00faj\u00edt\u00e1sa. A feladat a vizu\u00e1lis megjelen\u00e9s korszer\u0171s\u00edt\u00e9se a c\u00e9g m\u00e9rn\u00f6ki szektorban bet\u00f6lt\u00f6tt hiteles poz\u00edci\u00f3j\u00e1nak meger\u0151s\u00edt\u00e9se mellett.<\/em><\/p>\t\t\t\t\t\t\t\t<\/div>\n\t\t\t\t<\/div>\n\t\t\t\t<\/div>\n\t\t<div class=\"elementor-element elementor-element-cdc7cd4 e-con-full hover-logocontainer e-flex e-con e-child\" data-id=\"cdc7cd4\" data-element_type=\"container\" data-e-type=\"container\" data-settings=\"{&quot;jet_parallax_layout_list&quot;:[]}\">\n\t\t\t\t<div class=\"elementor-element elementor-element-102bca3 hover-logoimage elementor-widget elementor-widget-image\" data-id=\"102bca3\" data-element_type=\"widget\" data-e-type=\"widget\" data-widget_type=\"image.default\">\n\t\t\t\t<div class=\"elementor-widget-container\">\n\t\t\t\t\t\t\t\t\t\t\t\t\t\t\t\t<a href=\"https:\/\/pappcseperke.hu\/hu\/fontolo-branding\/\" target=\"_blank\">\n\t\t\t\t\t\t\t<img decoding=\"async\" src=\"https:\/\/pappcseperke.hu\/wp-content\/uploads\/2025\/10\/logo_fontolo.jpg\" title=\"\" alt=\"\" loading=\"lazy\" \/>\t\t\t\t\t\t\t\t<\/a>\n\t\t\t\t\t\t\t\t\t\t\t\t\t\t\t<\/div>\n\t\t\t\t<\/div>\n\t\t\t\t<div class=\"elementor-element elementor-element-befc2b8 hover-logotextbox elementor-widget elementor-widget-text-editor\" data-id=\"befc2b8\" data-element_type=\"widget\" data-e-type=\"widget\" data-widget_type=\"text-editor.default\">\n\t\t\t\t<div class=\"elementor-widget-container\">\n\t\t\t\t\t\t\t\t\t<p><em>Egy tipogr\u00e1fiai m\u0171hely digit\u00e1lis tud\u00e1sb\u00e1ziss\u00e1 val\u00f3 \u00e1talakul\u00e1s\u00e1nak teljes m\u00e1rkaidentit\u00e1sa. A koncepci\u00f3 az illumin\u00e1lt k\u00f3dexek hagyom\u00e1nyai el\u0151tt tiszteleg, geometrikus bet\u0171konstrukci\u00f3kkal \u00e9s klasszikus formanyelvvel \u00f6tv\u00f6zve azokat.<\/em><\/p>\t\t\t\t\t\t\t\t<\/div>\n\t\t\t\t<\/div>\n\t\t\t\t<\/div>\n\t\t\t\t\t<\/div>\n\t\t\t\t<\/div>\n\t\t\t\t<\/div>","protected":false},"excerpt":{"rendered":"<p>Brand identity refresh for a CAD\/CAM\/PLM solution provider \u2014 modernizing the visual language while strengthening the company\u2019s credibility and authority within the engineering sector. Complete brand system for a typography education studio&#8217;s evolution into a digital resource platform, honoring illuminated manuscript traditions with geometric letterform construction and classical design language.<\/p>","protected":false},"author":2,"featured_media":0,"parent":0,"menu_order":0,"comment_status":"closed","ping_status":"closed","template":"elementor_header_footer","meta":{"footnotes":""},"class_list":["post-13643","page","type-page","status-publish","hentry"],"_links":{"self":[{"href":"https:\/\/pappcseperke.hu\/hu\/wp-json\/wp\/v2\/pages\/13643","targetHints":{"allow":["GET"]}}],"collection":[{"href":"https:\/\/pappcseperke.hu\/hu\/wp-json\/wp\/v2\/pages"}],"about":[{"href":"https:\/\/pappcseperke.hu\/hu\/wp-json\/wp\/v2\/types\/page"}],"author":[{"embeddable":true,"href":"https:\/\/pappcseperke.hu\/hu\/wp-json\/wp\/v2\/users\/2"}],"replies":[{"embeddable":true,"href":"https:\/\/pappcseperke.hu\/hu\/wp-json\/wp\/v2\/comments?post=13643"}],"version-history":[{"count":37,"href":"https:\/\/pappcseperke.hu\/hu\/wp-json\/wp\/v2\/pages\/13643\/revisions"}],"predecessor-version":[{"id":14229,"href":"https:\/\/pappcseperke.hu\/hu\/wp-json\/wp\/v2\/pages\/13643\/revisions\/14229"}],"wp:attachment":[{"href":"https:\/\/pappcseperke.hu\/hu\/wp-json\/wp\/v2\/media?parent=13643"}],"curies":[{"name":"wp","href":"https:\/\/api.w.org\/{rel}","templated":true}]}}