{"id":13624,"date":"2025-10-18T19:21:25","date_gmt":"2025-10-18T17:21:25","guid":{"rendered":"https:\/\/pappcseperke.hu\/?page_id=13624"},"modified":"2025-10-28T03:20:10","modified_gmt":"2025-10-28T02:20:10","slug":"gui-design","status":"publish","type":"page","link":"https:\/\/pappcseperke.hu\/hu\/gui-design\/","title":{"rendered":"GUI design portfolio"},"content":{"rendered":"<div data-elementor-type=\"wp-page\" data-elementor-id=\"13624\" class=\"elementor elementor-13624\" data-elementor-post-type=\"page\">\n\t\t\t\t<div class=\"elementor-element elementor-element-dcd0547 e-flex e-con-boxed e-con e-parent\" data-id=\"dcd0547\" data-element_type=\"container\" data-e-type=\"container\" data-settings=\"{&quot;jet_parallax_layout_list&quot;:[]}\">\n\t\t\t\t\t<div class=\"e-con-inner\">\n\t\t\t\t<div class=\"elementor-element elementor-element-c9703e8 elementor-align-center elementor-widget elementor-widget-post-info\" data-id=\"c9703e8\" data-element_type=\"widget\" data-e-type=\"widget\" data-widget_type=\"post-info.default\">\n\t\t\t\t<div class=\"elementor-widget-container\">\n\t\t\t\t\t\t\t<ul class=\"elementor-inline-items elementor-icon-list-items elementor-post-info\">\n\t\t\t\t\t\t\t\t<li class=\"elementor-icon-list-item elementor-repeater-item-ee17c7f elementor-inline-item\" itemprop=\"datePublished\">\n\t\t\t\t\t\t<a href=\"https:\/\/pappcseperke.hu\/hu\/2025\/10\/18\/\">\n\t\t\t\t\t\t\t\t\t\t\t\t\t\t<span class=\"elementor-icon-list-text elementor-post-info__item elementor-post-info__item--type-date\">\n\t\t\t\t\t\t\t\t\t\t<time>okt\u00f3ber 18, 2025<\/time>\t\t\t\t\t<\/span>\n\t\t\t\t\t\t\t\t\t<\/a>\n\t\t\t\t<\/li>\n\t\t\t\t<\/ul>\n\t\t\t\t\t\t<\/div>\n\t\t\t\t<\/div>\n\t\t\t\t\t<\/div>\n\t\t\t\t<\/div>\n\t\t<div class=\"elementor-element elementor-element-666411b e-grid e-con-boxed e-con e-parent\" data-id=\"666411b\" data-element_type=\"container\" data-e-type=\"container\" data-settings=\"{&quot;jet_parallax_layout_list&quot;:[]}\">\n\t\t\t\t\t<div class=\"e-con-inner\">\n\t\t<div class=\"elementor-element elementor-element-8e5cb7e e-con-full hover-logocontainer e-flex e-con e-child\" data-id=\"8e5cb7e\" data-element_type=\"container\" data-e-type=\"container\" data-settings=\"{&quot;jet_parallax_layout_list&quot;:[]}\">\n\t\t\t\t<div class=\"elementor-element elementor-element-0aae025 hover-logoimage elementor-widget elementor-widget-image\" data-id=\"0aae025\" data-element_type=\"widget\" data-e-type=\"widget\" data-widget_type=\"image.default\">\n\t\t\t\t<div class=\"elementor-widget-container\">\n\t\t\t\t\t\t\t\t\t\t\t\t\t\t\t\t<a href=\"https:\/\/pappcseperke.hu\/hu\/cthulhu-noir-ui-design\/\">\n\t\t\t\t\t\t\t<img fetchpriority=\"high\" decoding=\"async\" width=\"800\" height=\"450\" src=\"https:\/\/pappcseperke.hu\/wp-content\/uploads\/2021\/02\/cseperke-papp-5dd75d55294389-597f3e43ad9ce-1024x576.jpg\" class=\"attachment-large size-large wp-image-6549\" alt=\"\" srcset=\"https:\/\/pappcseperke.hu\/wp-content\/uploads\/2021\/02\/cseperke-papp-5dd75d55294389-597f3e43ad9ce-1024x576.jpg 1024w, https:\/\/pappcseperke.hu\/wp-content\/uploads\/2021\/02\/cseperke-papp-5dd75d55294389-597f3e43ad9ce-300x169.jpg 300w, https:\/\/pappcseperke.hu\/wp-content\/uploads\/2021\/02\/cseperke-papp-5dd75d55294389-597f3e43ad9ce-768x432.jpg 768w, https:\/\/pappcseperke.hu\/wp-content\/uploads\/2021\/02\/cseperke-papp-5dd75d55294389-597f3e43ad9ce-1536x864.jpg 1536w, https:\/\/pappcseperke.hu\/wp-content\/uploads\/2021\/02\/cseperke-papp-5dd75d55294389-597f3e43ad9ce-18x10.jpg 18w, https:\/\/pappcseperke.hu\/wp-content\/uploads\/2021\/02\/cseperke-papp-5dd75d55294389-597f3e43ad9ce.jpg 1920w\" sizes=\"(max-width: 800px) 100vw, 800px\" \/>\t\t\t\t\t\t\t\t<\/a>\n\t\t\t\t\t\t\t\t\t\t\t\t\t\t\t<\/div>\n\t\t\t\t<\/div>\n\t\t\t\t<div class=\"elementor-element elementor-element-892c823 hover-logotextbox elementor-widget elementor-widget-text-editor\" data-id=\"892c823\" data-element_type=\"widget\" data-e-type=\"widget\" data-widget_type=\"text-editor.default\">\n\t\t\t\t<div class=\"elementor-widget-container\">\n\t\t\t\t\t\t\t\t\t<p><em>J\u00e1t\u00e9kinterf\u00e9sz tervez\u00e9se a Neocoregames 1930-as \u00e9vekbeli nyomoz\u00f3s horrorj\u00e1t\u00e9k\u00e1nak vertical slice-\u00e1hoz. A c\u00e9l egy a korszakhoz ill\u0151 tipogr\u00e1fia, szimbolika \u00e9s kezel\u0151fel\u00fcleti rendszer l\u00e9trehoz\u00e1sa.<\/em><\/p>\t\t\t\t\t\t\t\t<\/div>\n\t\t\t\t<\/div>\n\t\t\t\t<\/div>\n\t\t<div class=\"elementor-element elementor-element-682d16d e-con-full hover-logocontainer e-flex e-con e-child\" data-id=\"682d16d\" data-element_type=\"container\" data-e-type=\"container\" data-settings=\"{&quot;jet_parallax_layout_list&quot;:[]}\">\n\t\t\t\t<div class=\"elementor-element elementor-element-17f528f hover-logoimage elementor-widget elementor-widget-image\" data-id=\"17f528f\" data-element_type=\"widget\" data-e-type=\"widget\" data-widget_type=\"image.default\">\n\t\t\t\t<div class=\"elementor-widget-container\">\n\t\t\t\t\t\t\t\t\t\t\t\t\t\t\t\t<a href=\"https:\/\/pappcseperke.hu\/hu\/unscripted-ui-design\/\">\n\t\t\t\t\t\t\t<img decoding=\"async\" width=\"800\" height=\"450\" src=\"https:\/\/pappcseperke.hu\/wp-content\/uploads\/2023\/08\/unscripted_ui_960.jpg\" class=\"attachment-large size-large wp-image-7359\" alt=\"\" srcset=\"https:\/\/pappcseperke.hu\/wp-content\/uploads\/2023\/08\/unscripted_ui_960.jpg 960w, https:\/\/pappcseperke.hu\/wp-content\/uploads\/2023\/08\/unscripted_ui_960-300x169.jpg 300w, https:\/\/pappcseperke.hu\/wp-content\/uploads\/2023\/08\/unscripted_ui_960-768x432.jpg 768w, https:\/\/pappcseperke.hu\/wp-content\/uploads\/2023\/08\/unscripted_ui_960-18x10.jpg 18w\" sizes=\"(max-width: 800px) 100vw, 800px\" \/>\t\t\t\t\t\t\t\t<\/a>\n\t\t\t\t\t\t\t\t\t\t\t\t\t\t\t<\/div>\n\t\t\t\t<\/div>\n\t\t\t\t<div class=\"elementor-element elementor-element-5604595 hover-logotextbox elementor-widget elementor-widget-text-editor\" data-id=\"5604595\" data-element_type=\"widget\" data-e-type=\"widget\" data-widget_type=\"text-editor.default\">\n\t\t\t\t<div class=\"elementor-widget-container\">\n\t\t\t\t\t\t\t\t\t<p><em>Teljes k\u00f6r\u0171 UI\/UX tervez\u00e9s egy hollywoodi randiszimul\u00e1tor vizu\u00e1lis novell\u00e1hoz. A feladat a komplett kezel\u0151fel\u00fcleti rendszer, az ikonk\u00e9szlet \u00e9s a marketinganyagok megalkot\u00e1sa a Steamre k\u00e9sz\u00fcl\u0151, d\u00f6nt\u00e9salap\u00fa narrat\u00edv j\u00e1t\u00e9k sz\u00e1m\u00e1ra.<\/em><\/p>\t\t\t\t\t\t\t\t<\/div>\n\t\t\t\t<\/div>\n\t\t\t\t<\/div>\n\t\t\t\t\t<\/div>\n\t\t\t\t<\/div>\n\t\t\t\t<\/div>","protected":false},"excerpt":{"rendered":"<p>Game interface design for a 1930s investigation horror adventure, creating period-appropriate typography, symbols, and UI system for Neocoregames&#8217; vertical slice production. Complete UI\/UX design for a Hollywood dating sim visual novel, creating the full interface system, iconography, and marketing assets for this choice-driven narrative game on Steam.<\/p>","protected":false},"author":2,"featured_media":0,"parent":0,"menu_order":0,"comment_status":"closed","ping_status":"closed","template":"elementor_header_footer","meta":{"footnotes":""},"class_list":["post-13624","page","type-page","status-publish","hentry"],"_links":{"self":[{"href":"https:\/\/pappcseperke.hu\/hu\/wp-json\/wp\/v2\/pages\/13624","targetHints":{"allow":["GET"]}}],"collection":[{"href":"https:\/\/pappcseperke.hu\/hu\/wp-json\/wp\/v2\/pages"}],"about":[{"href":"https:\/\/pappcseperke.hu\/hu\/wp-json\/wp\/v2\/types\/page"}],"author":[{"embeddable":true,"href":"https:\/\/pappcseperke.hu\/hu\/wp-json\/wp\/v2\/users\/2"}],"replies":[{"embeddable":true,"href":"https:\/\/pappcseperke.hu\/hu\/wp-json\/wp\/v2\/comments?post=13624"}],"version-history":[{"count":22,"href":"https:\/\/pappcseperke.hu\/hu\/wp-json\/wp\/v2\/pages\/13624\/revisions"}],"predecessor-version":[{"id":14233,"href":"https:\/\/pappcseperke.hu\/hu\/wp-json\/wp\/v2\/pages\/13624\/revisions\/14233"}],"wp:attachment":[{"href":"https:\/\/pappcseperke.hu\/hu\/wp-json\/wp\/v2\/media?parent=13624"}],"curies":[{"name":"wp","href":"https:\/\/api.w.org\/{rel}","templated":true}]}}