{"id":13550,"date":"2025-10-18T15:28:54","date_gmt":"2025-10-18T13:28:54","guid":{"rendered":"https:\/\/pappcseperke.hu\/?page_id=13550"},"modified":"2025-11-30T12:45:12","modified_gmt":"2025-11-30T11:45:12","slug":"logo-design-portfolio","status":"publish","type":"page","link":"https:\/\/pappcseperke.hu\/hu\/logo-design-portfolio\/","title":{"rendered":"Logo Design Portfolio"},"content":{"rendered":"<div data-elementor-type=\"wp-page\" data-elementor-id=\"13550\" class=\"elementor elementor-13550\" data-elementor-post-type=\"page\">\n\t\t\t\t<div class=\"elementor-element elementor-element-26c1ec5 e-flex e-con-boxed e-con e-parent\" data-id=\"26c1ec5\" data-element_type=\"container\" data-e-type=\"container\" data-settings=\"{&quot;jet_parallax_layout_list&quot;:[]}\">\n\t\t\t\t\t<div class=\"e-con-inner\">\n\t\t<div class=\"elementor-element elementor-element-0ed78ba e-con-full elementor-hidden-desktop elementor-hidden-tablet e-flex e-con e-child\" data-id=\"0ed78ba\" data-element_type=\"container\" data-e-type=\"container\" data-settings=\"{&quot;position&quot;:&quot;fixed&quot;,&quot;jet_parallax_layout_list&quot;:[]}\">\n\t\t\t\t<\/div>\n\t\t<div class=\"elementor-element elementor-element-fb62af4 e-grid animated-slow e-con-full scroll-fx-parent elementor-invisible e-con e-child\" data-id=\"fb62af4\" data-element_type=\"container\" data-e-type=\"container\" data-settings=\"{&quot;jet_parallax_layout_list&quot;:[],&quot;animation&quot;:&quot;fadeInUp&quot;}\">\n\t\t<div class=\"elementor-element elementor-element-21b63a4 e-con-full hover-logocontainer e-flex e-con e-child\" data-id=\"21b63a4\" data-element_type=\"container\" data-e-type=\"container\" data-settings=\"{&quot;jet_parallax_layout_list&quot;:[]}\">\n\t\t\t\t<div class=\"elementor-element elementor-element-d111ad6 hover-logoimage elementor-widget elementor-widget-image\" data-id=\"d111ad6\" data-element_type=\"widget\" data-e-type=\"widget\" data-widget_type=\"image.default\">\n\t\t\t\t<div class=\"elementor-widget-container\">\n\t\t\t\t\t\t\t\t\t\t\t\t\t\t\t\t<a href=\"https:\/\/pappcseperke.hu\/hu\/bodza-studio-logo-design\/\" target=\"_blank\">\n\t\t\t\t\t\t\t<img fetchpriority=\"high\" decoding=\"async\" width=\"800\" height=\"450\" src=\"https:\/\/pappcseperke.hu\/wp-content\/uploads\/2023\/11\/bodzastudio_logo_grad.jpg\" class=\"attachment-large size-large wp-image-12682\" alt=\"\" srcset=\"https:\/\/pappcseperke.hu\/wp-content\/uploads\/2023\/11\/bodzastudio_logo_grad.jpg 800w, https:\/\/pappcseperke.hu\/wp-content\/uploads\/2023\/11\/bodzastudio_logo_grad-300x169.jpg 300w, https:\/\/pappcseperke.hu\/wp-content\/uploads\/2023\/11\/bodzastudio_logo_grad-768x432.jpg 768w, https:\/\/pappcseperke.hu\/wp-content\/uploads\/2023\/11\/bodzastudio_logo_grad-18x10.jpg 18w\" sizes=\"(max-width: 800px) 100vw, 800px\" \/>\t\t\t\t\t\t\t\t<\/a>\n\t\t\t\t\t\t\t\t\t\t\t\t\t\t\t<\/div>\n\t\t\t\t<\/div>\n\t\t\t\t<div class=\"elementor-element elementor-element-ae61289 hover-logotextbox elementor-widget elementor-widget-text-editor\" data-id=\"ae61289\" data-element_type=\"widget\" data-e-type=\"widget\" data-widget_type=\"text-editor.default\">\n\t\t\t\t<div class=\"elementor-widget-container\">\n\t\t\t\t\t\t\t\t\t<p><em>Log\u00f3terv a Bodza Studio r\u00e9sz\u00e9re. Laura n\u0151ies, modern \u00e9s minimalista \u00e9kszereket k\u00e9sz\u00edt, melyeket az eleg\u00e1ns kifinomults\u00e1g \u00e9s az id\u0151tlen st\u00edlus jellemez.<\/em><\/p>\t\t\t\t\t\t\t\t<\/div>\n\t\t\t\t<\/div>\n\t\t\t\t<\/div>\n\t\t<div class=\"elementor-element elementor-element-43cf643 e-con-full hover-logocontainer e-flex e-con e-child\" data-id=\"43cf643\" data-element_type=\"container\" data-e-type=\"container\" data-settings=\"{&quot;jet_parallax_layout_list&quot;:[]}\">\n\t\t\t\t<div class=\"elementor-element elementor-element-4e4fb70 hover-logoimage elementor-widget elementor-widget-image\" data-id=\"4e4fb70\" data-element_type=\"widget\" data-e-type=\"widget\" data-widget_type=\"image.default\">\n\t\t\t\t<div class=\"elementor-widget-container\">\n\t\t\t\t\t\t\t\t\t\t\t\t\t\t\t\t<a href=\"https:\/\/pappcseperke.hu\/hu\/tentacle-works-logo-design\/\" target=\"_blank\">\n\t\t\t\t\t\t\t<img decoding=\"async\" width=\"800\" height=\"450\" src=\"https:\/\/pappcseperke.hu\/wp-content\/uploads\/2023\/08\/logo_tentacleworks_ro.jpg\" class=\"attachment-large size-large wp-image-7329\" alt=\"\" \/>\t\t\t\t\t\t\t\t<\/a>\n\t\t\t\t\t\t\t\t\t\t\t\t\t\t\t<\/div>\n\t\t\t\t<\/div>\n\t\t\t\t<div class=\"elementor-element elementor-element-e3d4141 hover-logotextbox elementor-widget elementor-widget-text-editor\" data-id=\"e3d4141\" data-element_type=\"widget\" data-e-type=\"widget\" data-widget_type=\"text-editor.default\">\n\t\t\t\t<div class=\"elementor-widget-container\">\n\t\t\t\t\t\t\t\t\t<p><em>Log\u00f3terv egy kreat\u00edv j\u00e1t\u00e9kfejleszt\u0151 csapat r\u00e9sz\u00e9re. F\u0151 profiljuk a 3D modellez\u00e9s \u00e9s az Unreal Engine, a j\u00e1t\u00e9kos kreativit\u00e1s \u00e9s a professzion\u00e1lis hozz\u00e1\u00e1ll\u00e1s jegy\u00e9ben.<\/em><\/p>\t\t\t\t\t\t\t\t<\/div>\n\t\t\t\t<\/div>\n\t\t\t\t<\/div>\n\t\t<div class=\"elementor-element elementor-element-431389b e-con-full hover-logocontainer e-flex e-con e-child\" data-id=\"431389b\" data-element_type=\"container\" data-e-type=\"container\" data-settings=\"{&quot;jet_parallax_layout_list&quot;:[]}\">\n\t\t\t\t<div class=\"elementor-element elementor-element-4e18134 hover-logoimage elementor-widget elementor-widget-image\" data-id=\"4e18134\" data-element_type=\"widget\" data-e-type=\"widget\" data-widget_type=\"image.default\">\n\t\t\t\t<div class=\"elementor-widget-container\">\n\t\t\t\t\t\t\t\t\t\t\t\t\t\t\t\t<a href=\"https:\/\/pappcseperke.hu\/hu\/podiumszinhaz-logo-design\/\" target=\"_blank\">\n\t\t\t\t\t\t\t<img decoding=\"async\" width=\"800\" height=\"450\" src=\"https:\/\/pappcseperke.hu\/wp-content\/uploads\/2023\/08\/logo_podium_ro.jpg\" class=\"attachment-large size-large wp-image-7338\" alt=\"\" srcset=\"https:\/\/pappcseperke.hu\/wp-content\/uploads\/2023\/08\/logo_podium_ro.jpg 960w, https:\/\/pappcseperke.hu\/wp-content\/uploads\/2023\/08\/logo_podium_ro-300x169.jpg 300w, https:\/\/pappcseperke.hu\/wp-content\/uploads\/2023\/08\/logo_podium_ro-768x432.jpg 768w, https:\/\/pappcseperke.hu\/wp-content\/uploads\/2023\/08\/logo_podium_ro-18x10.jpg 18w\" sizes=\"(max-width: 800px) 100vw, 800px\" \/>\t\t\t\t\t\t\t\t<\/a>\n\t\t\t\t\t\t\t\t\t\t\t\t\t\t\t<\/div>\n\t\t\t\t<\/div>\n\t\t\t\t<div class=\"elementor-element elementor-element-2301efe hover-logotextbox elementor-widget elementor-widget-text-editor\" data-id=\"2301efe\" data-element_type=\"widget\" data-e-type=\"widget\" data-widget_type=\"text-editor.default\">\n\t\t\t\t<div class=\"elementor-widget-container\">\n\t\t\t\t\t\t\t\t\t<p><em>Log\u00f3terv egy f\u00fcggetlen sz\u00ednh\u00e1zi t\u00e1rsulatnak. Orsz\u00e1gszerte turn\u00e9znak k\u00f6nnyed v\u00edgj\u00e1t\u00e9kokkal, operettekkel \u00e9s gyermekel\u0151ad\u00e1sokkal, melegs\u00e9ggel \u00e9s humorral.<\/em><\/p>\t\t\t\t\t\t\t\t<\/div>\n\t\t\t\t<\/div>\n\t\t\t\t<\/div>\n\t\t<div class=\"elementor-element elementor-element-ec19388 e-con-full hover-logocontainer e-flex e-con e-child\" data-id=\"ec19388\" data-element_type=\"container\" data-e-type=\"container\" data-settings=\"{&quot;jet_parallax_layout_list&quot;:[]}\">\n\t\t\t\t<div class=\"elementor-element elementor-element-b4c3a64 hover-logoimage elementor-widget elementor-widget-image\" data-id=\"b4c3a64\" data-element_type=\"widget\" data-e-type=\"widget\" data-widget_type=\"image.default\">\n\t\t\t\t<div class=\"elementor-widget-container\">\n\t\t\t\t\t\t\t\t\t\t\t\t\t\t\t\t<a href=\"https:\/\/en.99designs.de\/profiles\/cseperkepapp\/designs\/1384049\">\n\t\t\t\t\t\t\t<img loading=\"lazy\" decoding=\"async\" width=\"800\" height=\"450\" src=\"https:\/\/pappcseperke.hu\/wp-content\/uploads\/2023\/11\/secondlegion_white.jpg\" class=\"attachment-large size-large wp-image-12711\" alt=\"\" srcset=\"https:\/\/pappcseperke.hu\/wp-content\/uploads\/2023\/11\/secondlegion_white.jpg 800w, https:\/\/pappcseperke.hu\/wp-content\/uploads\/2023\/11\/secondlegion_white-300x169.jpg 300w, https:\/\/pappcseperke.hu\/wp-content\/uploads\/2023\/11\/secondlegion_white-768x432.jpg 768w, https:\/\/pappcseperke.hu\/wp-content\/uploads\/2023\/11\/secondlegion_white-18x10.jpg 18w\" sizes=\"(max-width: 800px) 100vw, 800px\" \/>\t\t\t\t\t\t\t\t<\/a>\n\t\t\t\t\t\t\t\t\t\t\t\t\t\t\t<\/div>\n\t\t\t\t<\/div>\n\t\t\t\t<div class=\"elementor-element elementor-element-0de1a3d hover-logotextbox elementor-widget elementor-widget-text-editor\" data-id=\"0de1a3d\" data-element_type=\"widget\" data-e-type=\"widget\" data-widget_type=\"text-editor.default\">\n\t\t\t\t<div class=\"elementor-widget-container\">\n\t\t\t\t\t\t\t\t\t<p><em>Log\u00f3terv a Second Legion sz\u00e1m\u00e1ra. A st\u00fadi\u00f3 a technol\u00f3giai innov\u00e1ci\u00f3 \u00e9s a szak\u00e9rtelem jegy\u00e9ben fejleszt blokkl\u00e1nc j\u00e1t\u00e9kokat a gamer k\u00f6z\u00f6ss\u00e9gnek.<\/em><\/p>\t\t\t\t\t\t\t\t<\/div>\n\t\t\t\t<\/div>\n\t\t\t\t<\/div>\n\t\t<div class=\"elementor-element elementor-element-8c148aa e-con-full hover-logocontainer e-flex e-con e-child\" data-id=\"8c148aa\" data-element_type=\"container\" data-e-type=\"container\" data-settings=\"{&quot;jet_parallax_layout_list&quot;:[]}\">\n\t\t\t\t<div class=\"elementor-element elementor-element-944e4d0 hover-logoimage elementor-widget elementor-widget-image\" data-id=\"944e4d0\" data-element_type=\"widget\" data-e-type=\"widget\" data-widget_type=\"image.default\">\n\t\t\t\t<div class=\"elementor-widget-container\">\n\t\t\t\t\t\t\t\t\t\t\t\t\t\t\t\t<a href=\"https:\/\/pappcseperke.hu\/hu\/pavor-logo-design\/\" target=\"_blank\">\n\t\t\t\t\t\t\t<img loading=\"lazy\" decoding=\"async\" width=\"800\" height=\"450\" src=\"https:\/\/pappcseperke.hu\/wp-content\/uploads\/2023\/08\/logo_pavor_ro.jpg\" class=\"attachment-large size-large wp-image-7347\" alt=\"\" \/>\t\t\t\t\t\t\t\t<\/a>\n\t\t\t\t\t\t\t\t\t\t\t\t\t\t\t<\/div>\n\t\t\t\t<\/div>\n\t\t\t\t<div class=\"elementor-element elementor-element-9567980 hover-logotextbox elementor-widget elementor-widget-text-editor\" data-id=\"9567980\" data-element_type=\"widget\" data-e-type=\"widget\" data-widget_type=\"text-editor.default\">\n\t\t\t\t<div class=\"elementor-widget-container\">\n\t\t\t\t\t\t\t\t\t<p><em>Log\u00f3terv egy f\u00fcggetlen horrorj\u00e1t\u00e9khoz, mely egy bab\u00e1kkal teli szigeten j\u00e1tsz\u00f3dik. A koncepci\u00f3 szerint a k\u00e9z a telihold \u2013 esetleg egy baba szeme \u2013 fel\u00e9 ny\u00fal.<\/em><\/p>\t\t\t\t\t\t\t\t<\/div>\n\t\t\t\t<\/div>\n\t\t\t\t<\/div>\n\t\t<div class=\"elementor-element elementor-element-b9f5db9 e-con-full hover-logocontainer e-flex e-con e-child\" data-id=\"b9f5db9\" data-element_type=\"container\" data-e-type=\"container\" data-settings=\"{&quot;jet_parallax_layout_list&quot;:[]}\">\n\t\t\t\t<div class=\"elementor-element elementor-element-ce07653 hover-logoimage elementor-widget elementor-widget-image\" data-id=\"ce07653\" data-element_type=\"widget\" data-e-type=\"widget\" data-widget_type=\"image.default\">\n\t\t\t\t<div class=\"elementor-widget-container\">\n\t\t\t\t\t\t\t\t\t\t\t\t\t\t\t\t<a href=\"https:\/\/pappcseperke.hu\/hu\/graphit-rebranding\/\" target=\"_blank\">\n\t\t\t\t\t\t\t<img loading=\"lazy\" decoding=\"async\" width=\"800\" height=\"450\" src=\"https:\/\/pappcseperke.hu\/wp-content\/uploads\/2025\/10\/logo_graphit.jpg\" class=\"attachment-large size-large wp-image-13620\" alt=\"\" srcset=\"https:\/\/pappcseperke.hu\/wp-content\/uploads\/2025\/10\/logo_graphit.jpg 960w, https:\/\/pappcseperke.hu\/wp-content\/uploads\/2025\/10\/logo_graphit-300x169.jpg 300w, https:\/\/pappcseperke.hu\/wp-content\/uploads\/2025\/10\/logo_graphit-768x432.jpg 768w, https:\/\/pappcseperke.hu\/wp-content\/uploads\/2025\/10\/logo_graphit-18x10.jpg 18w\" sizes=\"(max-width: 800px) 100vw, 800px\" \/>\t\t\t\t\t\t\t\t<\/a>\n\t\t\t\t\t\t\t\t\t\t\t\t\t\t\t<\/div>\n\t\t\t\t<\/div>\n\t\t\t\t<div class=\"elementor-element elementor-element-a5a30b8 hover-logotextbox elementor-widget elementor-widget-text-editor\" data-id=\"a5a30b8\" data-element_type=\"widget\" data-e-type=\"widget\" data-widget_type=\"text-editor.default\">\n\t\t\t\t<div class=\"elementor-widget-container\">\n\t\t\t\t\t\t\t\t\t<p><em>Arculatfriss\u00edt\u00e9s egy CAD\/CAM\/PLM megold\u00e1ssz\u00e1ll\u00edt\u00f3 sz\u00e1m\u00e1ra, melynek c\u00e9lja a vizu\u00e1lis megjelen\u00e9s moderniz\u00e1l\u00e1sa, a c\u00e9g m\u00e9rn\u00f6ki piacon szerzett hiteless\u00e9g\u00e9nek meg\u0151rz\u00e9se mellett.<\/em><\/p>\t\t\t\t\t\t\t\t<\/div>\n\t\t\t\t<\/div>\n\t\t\t\t<\/div>\n\t\t\t\t<\/div>\n\t\t\t\t\t<\/div>\n\t\t\t\t<\/div>\n\t\t\t\t<\/div>","protected":false},"excerpt":{"rendered":"<p>Logo design for Bodza Studio, a jewelry designer creating feminine, modern, minimalistic pieces with elegant sophistication and timeless appeal. Logo design for a creative game development team focusing on 3D modeling and Unreal Engine, emphasizing playful creativity and professional attitude. Logo design for an independent theater group performing lighthearted comedy, operettas, and children&#8217;s shows across [&hellip;]<\/p>\n","protected":false},"author":2,"featured_media":0,"parent":0,"menu_order":0,"comment_status":"closed","ping_status":"closed","template":"elementor_header_footer","meta":{"footnotes":""},"class_list":["post-13550","page","type-page","status-publish","hentry"],"_links":{"self":[{"href":"https:\/\/pappcseperke.hu\/hu\/wp-json\/wp\/v2\/pages\/13550","targetHints":{"allow":["GET"]}}],"collection":[{"href":"https:\/\/pappcseperke.hu\/hu\/wp-json\/wp\/v2\/pages"}],"about":[{"href":"https:\/\/pappcseperke.hu\/hu\/wp-json\/wp\/v2\/types\/page"}],"author":[{"embeddable":true,"href":"https:\/\/pappcseperke.hu\/hu\/wp-json\/wp\/v2\/users\/2"}],"replies":[{"embeddable":true,"href":"https:\/\/pappcseperke.hu\/hu\/wp-json\/wp\/v2\/comments?post=13550"}],"version-history":[{"count":83,"href":"https:\/\/pappcseperke.hu\/hu\/wp-json\/wp\/v2\/pages\/13550\/revisions"}],"predecessor-version":[{"id":14450,"href":"https:\/\/pappcseperke.hu\/hu\/wp-json\/wp\/v2\/pages\/13550\/revisions\/14450"}],"wp:attachment":[{"href":"https:\/\/pappcseperke.hu\/hu\/wp-json\/wp\/v2\/media?parent=13550"}],"curies":[{"name":"wp","href":"https:\/\/api.w.org\/{rel}","templated":true}]}}